{"id":11,"date":"2025-07-30T14:16:10","date_gmt":"2025-07-30T14:16:10","guid":{"rendered":"https:\/\/estimopti-pro.com\/?page_id=11"},"modified":"2025-07-30T19:28:25","modified_gmt":"2025-07-30T19:28:25","slug":"accueil","status":"publish","type":"page","link":"https:\/\/estimopti-pro.com\/","title":{"rendered":"Accueil"},"content":{"rendered":"\t\t<div data-elementor-type=\"wp-page\" data-elementor-id=\"11\" class=\"elementor elementor-11\">\n\t\t\t\t<div class=\"elementor-element elementor-element-58dc663 e-flex e-con-boxed e-con e-parent\" data-id=\"58dc663\" data-element_type=\"container\" data-settings=\"{&quot;background_background&quot;:&quot;gradient&quot;}\">\n\t\t\t\t\t<div class=\"e-con-inner\">\n\t\t<div class=\"elementor-element elementor-element-34b97b7 e-con-full e-flex e-con e-child\" data-id=\"34b97b7\" data-element_type=\"container\">\n\t\t\t\t<div class=\"elementor-element elementor-element-f18bfeb elementor-widget elementor-widget-heading\" data-id=\"f18bfeb\" data-element_type=\"widget\" data-widget_type=\"heading.default\">\n\t\t\t\t\t<h1 class=\"elementor-heading-title elementor-size-default\">Estimez <span style=\"color:#fe8b27\">mieux<\/span> pour Optimiser <span style=\"color:#fe8b27\">plus<\/span><\/h1>\t\t\t\t<\/div>\n\t\t\t\t<div class=\"elementor-element elementor-element-16a8ea3 elementor-widget elementor-widget-text-editor\" data-id=\"16a8ea3\" data-element_type=\"widget\" data-widget_type=\"text-editor.default\">\n\t\t\t\t\t\t\t\t\t<p>Bienvenue chez EstimOpti ! Notre m\u00e9tier est d&rsquo;\u00eatre un interm\u00e9diaire de premier choix entre les professionnels du secteur immobilier et leurs clients. Pour retrouver nos diff\u00e9rents services et acc\u00e9der \u00e0 notre site principal, nous vous invitons \u00e0 cliquer sur l&rsquo;un des liens suivants :<\/p>\t\t\t\t\t\t\t\t<\/div>\n\t\t\t\t<div class=\"elementor-element elementor-element-fc87f3a elementor-widget elementor-widget-text-editor\" data-id=\"fc87f3a\" data-element_type=\"widget\" data-widget_type=\"text-editor.default\">\n\t\t\t\t\t\t\t\t\t<ul>\n \t<li><a href=\"https:\/\/estimopti.com\/\" target=\"_blank\" rel=\"noopener\">Acc\u00e8s direct \u00e0 EstimOpti.com (Site principal)<\/a><\/li>\n \t<li><a href=\"https:\/\/estimopti.com\/solutions-pros\/\" target=\"_blank\" rel=\"noopener\">D\u00e9couvrez nos offres pour les professionnels\u00a0<\/a><\/li>\n \t<li><a href=\"https:\/\/estimopti.com\/estimations\/\" target=\"_blank\" rel=\"noopener\">Estimer la valeur de vos biens et projets<\/a><\/li>\n<\/ul>\t\t\t\t\t\t\t\t<\/div>\n\t\t\t\t<\/div>\n\t\t<div class=\"elementor-element elementor-element-f561d38 e-con-full e-flex e-con e-child\" data-id=\"f561d38\" data-element_type=\"container\">\n\t\t\t\t<div class=\"elementor-element elementor-element-095d347 elementor-widget elementor-widget-image\" data-id=\"095d347\" data-element_type=\"widget\" data-widget_type=\"image.default\">\n\t\t\t\t\t\t\t\t\t\t\t\t\t\t\t<img fetchpriority=\"high\" decoding=\"async\" width=\"924\" height=\"1024\" src=\"https:\/\/estimopti-pro.com\/wp-content\/uploads\/2025\/07\/img-estimopti-924x1024.png\" class=\"attachment-large size-large wp-image-17\" alt=\"Image EstimOpti\" srcset=\"https:\/\/estimopti-pro.com\/wp-content\/uploads\/2025\/07\/img-estimopti-924x1024.png 924w, https:\/\/estimopti-pro.com\/wp-content\/uploads\/2025\/07\/img-estimopti-271x300.png 271w, https:\/\/estimopti-pro.com\/wp-content\/uploads\/2025\/07\/img-estimopti-768x851.png 768w, https:\/\/estimopti-pro.com\/wp-content\/uploads\/2025\/07\/img-estimopti-1386x1536.png 1386w, https:\/\/estimopti-pro.com\/wp-content\/uploads\/2025\/07\/img-estimopti.png 1439w\" sizes=\"(max-width: 924px) 100vw, 924px\" \/>\t\t\t\t\t\t\t\t\t\t\t\t\t\t\t<\/div>\n\t\t\t\t<\/div>\n\t\t\t\t\t<\/div>\n\t\t\t\t<\/div>\n\t\t\t\t<\/div>\n\t\t","protected":false},"excerpt":{"rendered":"<p>Estimez mieux pour Optimiser plus Bienvenue chez EstimOpti ! Notre m\u00e9tier est d&rsquo;\u00eatre un interm\u00e9diaire de premier choix entre les professionnels du secteur immobilier et leurs clients. Pour retrouver nos diff\u00e9rents services et acc\u00e9der \u00e0 notre site principal, nous vous invitons \u00e0 cliquer sur l&rsquo;un des liens suivants : Acc\u00e8s direct \u00e0 EstimOpti.com (Site principal) [&hellip;]<\/p>\n","protected":false},"author":1,"featured_media":0,"parent":0,"menu_order":0,"comment_status":"closed","ping_status":"closed","template":"elementor_header_footer","meta":{"ocean_post_layout":"full-screen","ocean_both_sidebars_style":"","ocean_both_sidebars_content_width":0,"ocean_both_sidebars_sidebars_width":0,"ocean_sidebar":"","ocean_second_sidebar":"","ocean_disable_margins":"on","ocean_add_body_class":"","ocean_shortcode_before_top_bar":"","ocean_shortcode_after_top_bar":"","ocean_shortcode_before_header":"","ocean_shortcode_after_header":"","ocean_has_shortcode":"","ocean_shortcode_after_title":"","ocean_shortcode_before_footer_widgets":"","ocean_shortcode_after_footer_widgets":"","ocean_shortcode_before_footer_bottom":"","ocean_shortcode_after_footer_bottom":"","ocean_display_top_bar":"off","ocean_display_header":"off","ocean_header_style":"","ocean_center_header_left_menu":"","ocean_custom_header_template":"","ocean_custom_logo":0,"ocean_custom_retina_logo":0,"ocean_custom_logo_max_width":0,"ocean_custom_logo_tablet_max_width":0,"ocean_custom_logo_mobile_max_width":0,"ocean_custom_logo_max_height":0,"ocean_custom_logo_tablet_max_height":0,"ocean_custom_logo_mobile_max_height":0,"ocean_header_custom_menu":"","ocean_menu_typo_font_family":"","ocean_menu_typo_font_subset":"","ocean_menu_typo_font_size":0,"ocean_menu_typo_font_size_tablet":0,"ocean_menu_typo_font_size_mobile":0,"ocean_menu_typo_font_size_unit":"px","ocean_menu_typo_font_weight":"","ocean_menu_typo_font_weight_tablet":"","ocean_menu_typo_font_weight_mobile":"","ocean_menu_typo_transform":"","ocean_menu_typo_transform_tablet":"","ocean_menu_typo_transform_mobile":"","ocean_menu_typo_line_height":0,"ocean_menu_typo_line_height_tablet":0,"ocean_menu_typo_line_height_mobile":0,"ocean_menu_typo_line_height_unit":"","ocean_menu_typo_spacing":0,"ocean_menu_typo_spacing_tablet":0,"ocean_menu_typo_spacing_mobile":0,"ocean_menu_typo_spacing_unit":"","ocean_menu_link_color":"","ocean_menu_link_color_hover":"","ocean_menu_link_color_active":"","ocean_menu_link_background":"","ocean_menu_link_hover_background":"","ocean_menu_link_active_background":"","ocean_menu_social_links_bg":"","ocean_menu_social_hover_links_bg":"","ocean_menu_social_links_color":"","ocean_menu_social_hover_links_color":"","ocean_disable_title":"on","ocean_disable_heading":"default","ocean_post_title":"","ocean_post_subheading":"","ocean_post_title_style":"","ocean_post_title_background_color":"","ocean_post_title_background":0,"ocean_post_title_bg_image_position":"","ocean_post_title_bg_image_attachment":"","ocean_post_title_bg_image_repeat":"","ocean_post_title_bg_image_size":"","ocean_post_title_height":0,"ocean_post_title_bg_overlay":0.5,"ocean_post_title_bg_overlay_color":"","ocean_disable_breadcrumbs":"off","ocean_breadcrumbs_color":"","ocean_breadcrumbs_separator_color":"","ocean_breadcrumbs_links_color":"","ocean_breadcrumbs_links_hover_color":"","ocean_display_footer_widgets":"off","ocean_display_footer_bottom":"default","ocean_custom_footer_template":"","footnotes":""},"class_list":["post-11","page","type-page","status-publish","hentry","entry"],"_links":{"self":[{"href":"https:\/\/estimopti-pro.com\/index.php\/wp-json\/wp\/v2\/pages\/11","targetHints":{"allow":["GET"]}}],"collection":[{"href":"https:\/\/estimopti-pro.com\/index.php\/wp-json\/wp\/v2\/pages"}],"about":[{"href":"https:\/\/estimopti-pro.com\/index.php\/wp-json\/wp\/v2\/types\/page"}],"author":[{"embeddable":true,"href":"https:\/\/estimopti-pro.com\/index.php\/wp-json\/wp\/v2\/users\/1"}],"replies":[{"embeddable":true,"href":"https:\/\/estimopti-pro.com\/index.php\/wp-json\/wp\/v2\/comments?post=11"}],"version-history":[{"count":11,"href":"https:\/\/estimopti-pro.com\/index.php\/wp-json\/wp\/v2\/pages\/11\/revisions"}],"predecessor-version":[{"id":25,"href":"https:\/\/estimopti-pro.com\/index.php\/wp-json\/wp\/v2\/pages\/11\/revisions\/25"}],"wp:attachment":[{"href":"https:\/\/estimopti-pro.com\/index.php\/wp-json\/wp\/v2\/media?parent=11"}],"curies":[{"name":"wp","href":"https:\/\/api.w.org\/{rel}","templated":true}]}}